{"id":2266,"date":"2021-05-09T02:38:24","date_gmt":"2021-05-09T06:38:24","guid":{"rendered":"https:\/\/desarrollaonline.com\/acn\/?page_id=2266"},"modified":"2023-01-11T11:54:45","modified_gmt":"2023-01-11T14:54:45","slug":"capacitacion","status":"publish","type":"page","link":"http:\/\/acnconsulting.cl\/acn_wp\/servicios\/capacitacion\/","title":{"rendered":"Capacitaci\u00f3n"},"content":{"rendered":"\t\t<div data-elementor-type=\"wp-post\" data-elementor-id=\"2266\" class=\"elementor elementor-2266\" data-elementor-settings=\"[]\">\n\t\t\t\t\t\t\t<div class=\"elementor-section-wrap\">\n\t\t\t\t\t\t\t<section class=\"elementor-section elementor-top-section elementor-element elementor-element-45635ef4 elementor-section-content-middle elementor-section-boxed elementor-section-height-default elementor-section-height-default\" data-id=\"45635ef4\" data-element_type=\"section\" data-settings=\"{&quot;background_background&quot;:&quot;gradient&quot;}\">\n\t\t\t\t\t\t<div class=\"elementor-container elementor-column-gap-no\">\n\t\t\t\t\t<div class=\"elementor-column elementor-col-100 elementor-top-column elementor-element elementor-element-17d8e6b1\" data-id=\"17d8e6b1\" data-element_type=\"column\">\n\t\t\t<div class=\"elementor-widget-wrap elementor-element-populated\">\n\t\t\t\t\t\t\t\t<div class=\"elementor-element elementor-element-46635b8c elementor-widget elementor-widget-heading\" data-id=\"46635b8c\" data-element_type=\"widget\" data-widget_type=\"heading.default\">\n\t\t\t\t<div class=\"elementor-widget-container\">\n\t\t\t<h2 class=\"elementor-heading-title elementor-size-default\">Capacitaci\u00f3n<\/h2>\t\t<\/div>\n\t\t\t\t<\/div>\n\t\t\t\t<div class=\"elementor-element elementor-element-25248051 elementor-widget elementor-widget-text-editor\" data-id=\"25248051\" data-element_type=\"widget\" data-widget_type=\"text-editor.default\">\n\t\t\t\t<div class=\"elementor-widget-container\">\n\t\t\t\t\t<div class=\"elementor-text-editor elementor-clearfix\"><p>Enfocados en desarrollar y certificar pr\u00e1cticas que tengan un impacto directo en los resultados del negocio; para ello se aplican diversas metodolog\u00edas que conducen al aprendizaje experiencial.<\/p><\/div>\n\t\t\t\t<\/div>\n\t\t\t\t<\/div>\n\t\t\t\t\t<\/div>\n\t\t<\/div>\n\t\t\t\t\t\t\t<\/div>\n\t\t<\/section>\n\t\t\t\t<section class=\"elementor-section elementor-top-section elementor-element elementor-element-febc082 elementor-section-boxed elementor-section-height-default elementor-section-height-default\" data-id=\"febc082\" data-element_type=\"section\">\n\t\t\t\t\t\t<div class=\"elementor-container elementor-column-gap-default\">\n\t\t\t\t\t<div class=\"elementor-column elementor-col-100 elementor-top-column elementor-element elementor-element-7f6bca8\" data-id=\"7f6bca8\" data-element_type=\"column\">\n\t\t\t<div class=\"elementor-widget-wrap elementor-element-populated\">\n\t\t\t\t\t\t\t\t<section class=\"elementor-section elementor-inner-section elementor-element elementor-element-749037f elementor-section-content-middle elementor-section-boxed elementor-section-height-default elementor-section-height-default\" data-id=\"749037f\" data-element_type=\"section\">\n\t\t\t\t\t\t<div class=\"elementor-container elementor-column-gap-no\">\n\t\t\t\t\t<div class=\"elementor-column elementor-col-50 elementor-inner-column elementor-element elementor-element-af7d498\" data-id=\"af7d498\" data-element_type=\"column\">\n\t\t\t<div class=\"elementor-widget-wrap elementor-element-populated\">\n\t\t\t\t\t\t\t\t<div class=\"elementor-element elementor-element-c601143 elementor-widget elementor-widget-image\" data-id=\"c601143\" data-element_type=\"widget\" data-widget_type=\"image.default\">\n\t\t\t\t<div class=\"elementor-widget-container\">\n\t\t\t\t\t<div class=\"elementor-image\">\n\t\t\t\t\t\t\t\t\t\t<img width=\"800\" height=\"900\" src=\"http:\/\/acnconsulting.cl\/acn_wp\/wp-content\/uploads\/2021\/05\/acn-servicio-1.jpg\" class=\"attachment-full size-full\" alt=\"\" decoding=\"async\" loading=\"lazy\" srcset=\"http:\/\/acnconsulting.cl\/acn_wp\/wp-content\/uploads\/2021\/05\/acn-servicio-1.jpg 800w, http:\/\/acnconsulting.cl\/acn_wp\/wp-content\/uploads\/2021\/05\/acn-servicio-1-267x300.jpg 267w, http:\/\/acnconsulting.cl\/acn_wp\/wp-content\/uploads\/2021\/05\/acn-servicio-1-768x864.jpg 768w\" sizes=\"(max-width: 800px) 100vw, 800px\" \/>\t\t\t\t\t\t\t\t\t\t\t<\/div>\n\t\t\t\t<\/div>\n\t\t\t\t<\/div>\n\t\t\t\t\t<\/div>\n\t\t<\/div>\n\t\t\t\t<div class=\"elementor-column elementor-col-50 elementor-inner-column elementor-element elementor-element-8bdedcf\" data-id=\"8bdedcf\" data-element_type=\"column\">\n\t\t\t<div class=\"elementor-widget-wrap elementor-element-populated\">\n\t\t\t\t\t\t\t\t<div class=\"elementor-element elementor-element-f319fa5 elementor-widget elementor-widget-heading\" data-id=\"f319fa5\" data-element_type=\"widget\" data-widget_type=\"heading.default\">\n\t\t\t\t<div class=\"elementor-widget-container\">\n\t\t\t<h4 class=\"elementor-heading-title elementor-size-default\">Conoce nuestra oferta de cursos Sence<\/h4>\t\t<\/div>\n\t\t\t\t<\/div>\n\t\t\t\t<div class=\"elementor-element elementor-element-b6e18a8 elementor-widget elementor-widget-heading\" data-id=\"b6e18a8\" data-element_type=\"widget\" data-widget_type=\"heading.default\">\n\t\t\t\t<div class=\"elementor-widget-container\">\n\t\t\t<h2 class=\"elementor-heading-title elementor-size-default\">Cursos presenciales disponibles<\/h2>\t\t<\/div>\n\t\t\t\t<\/div>\n\t\t\t\t<div class=\"elementor-element elementor-element-a8fdf81 elementor-widget-divider--view-line elementor-widget elementor-widget-divider\" data-id=\"a8fdf81\" data-element_type=\"widget\" data-widget_type=\"divider.default\">\n\t\t\t\t<div class=\"elementor-widget-container\">\n\t\t\t\t\t<div class=\"elementor-divider\">\n\t\t\t<span class=\"elementor-divider-separator\">\n\t\t\t\t\t\t<\/span>\n\t\t<\/div>\n\t\t\t\t<\/div>\n\t\t\t\t<\/div>\n\t\t\t\t<div class=\"elementor-element elementor-element-380e9fb elementor-widget elementor-widget-text-editor\" data-id=\"380e9fb\" data-element_type=\"widget\" data-widget_type=\"text-editor.default\">\n\t\t\t\t<div class=\"elementor-widget-container\">\n\t\t\t\t\t<div class=\"elementor-text-editor elementor-clearfix\">\n<table id=\"tablepress-1\" class=\"tablepress tablepress-id-1\">\n<thead>\n<tr class=\"row-1\">\n\t<th class=\"column-1\">C\u00d3DIGO CURSO<\/th><th class=\"column-2\">NOMBRE CURSO<\/th><th class=\"column-3\">N\u00b0 HORAS<\/th>\n<\/tr>\n<\/thead>\n<tbody>\n<tr class=\"row-2\">\n\t<td class=\"column-1\">1237997615<\/td><td class=\"column-2\">T\u00e9cnicas De Interpretaci\u00f3n De Sistemas De Gesti\u00f3n De Calidad, Medio Ambiente Y Salud <\/td><td class=\"column-3\">16<\/td>\n<\/tr>\n<tr class=\"row-3\">\n\t<td class=\"column-1\">1237994781<\/td><td class=\"column-2\">T\u00e9cnicas De Interpretaci\u00f3n De Sistemas De Gesti\u00f3n De Calidad, Medio Ambiente Y Salud <\/td><td class=\"column-3\">8<\/td>\n<\/tr>\n<tr class=\"row-4\">\n\t<td class=\"column-1\">1237994175<\/td><td class=\"column-2\">Aplicaci\u00f3n De T\u00e9cnicas De Auditor\u00eda Interna <\/td><td class=\"column-3\">16<\/td>\n<\/tr>\n<tr class=\"row-5\">\n\t<td class=\"column-1\">1237993110<\/td><td class=\"column-2\">Metodolog\u00edas \u00c1giles De Procesos Para Proyectos Con Scrum <\/td><td class=\"column-3\">16<\/td>\n<\/tr>\n<tr class=\"row-6\">\n\t<td class=\"column-1\">1237993086<\/td><td class=\"column-2\">T\u00e9cnicas De Gesti\u00f3n De Proyectos <\/td><td class=\"column-3\">12<\/td>\n<\/tr>\n<tr class=\"row-7\">\n\t<td class=\"column-1\">1237991576<\/td><td class=\"column-2\">T\u00e9cnicas De Atenci\u00f3n A Clientes <\/td><td class=\"column-3\">8<\/td>\n<\/tr>\n<tr class=\"row-8\">\n\t<td class=\"column-1\">1237991555<\/td><td class=\"column-2\">T\u00e9cnicas De Ventas <\/td><td class=\"column-3\">8<\/td>\n<\/tr>\n<tr class=\"row-9\">\n\t<td class=\"column-1\">1237991426<\/td><td class=\"column-2\">T\u00e9cnicas De Liderazgo<\/td><td class=\"column-3\">8<\/td>\n<\/tr>\n<tr class=\"row-10\">\n\t<td class=\"column-1\">1237991427<\/td><td class=\"column-2\">T\u00e9cnicas De Ventas<\/td><td class=\"column-3\">16<\/td>\n<\/tr>\n<tr class=\"row-11\">\n\t<td class=\"column-1\">1237991063<\/td><td class=\"column-2\">T\u00e9cnicas De Liderazgo <\/td><td class=\"column-3\">16<\/td>\n<\/tr>\n<tr class=\"row-12\">\n\t<td class=\"column-1\">1237989893<\/td><td class=\"column-2\">T\u00e9cnicas De Servicio Al Cliente<\/td><td class=\"column-3\">17<\/td>\n<\/tr>\n<\/tbody>\n<\/table>\n<!-- #tablepress-1 from cache --><\/div>\n\t\t\t\t<\/div>\n\t\t\t\t<\/div>\n\t\t\t\t<div class=\"elementor-element elementor-element-9123e56 elementor-mobile-align-left elementor-widget elementor-widget-button\" data-id=\"9123e56\" data-element_type=\"widget\" data-widget_type=\"button.default\">\n\t\t\t\t<div class=\"elementor-widget-container\">\n\t\t\t\t\t<div class=\"elementor-button-wrapper\">\n\t\t\t<a href=\"https:\/\/desarrollaonline.com\/acn\/contacto\/\" class=\"elementor-button-link elementor-button elementor-size-sm\" role=\"button\">\n\t\t\t\t\t\t<span class=\"elementor-button-content-wrapper\">\n\t\t\t\t\t\t<span class=\"elementor-button-icon elementor-align-icon-right\">\n\t\t\t\t<svg xmlns=\"http:\/\/www.w3.org\/2000\/svg\" viewBox=\"0 0 32 32\"><path d=\"M 18.71875 6.78125 L 17.28125 8.21875 L 24.0625 15 L 4 15 L 4 17 L 24.0625 17 L 17.28125 23.78125 L 18.71875 25.21875 L 27.21875 16.71875 L 27.90625 16 L 27.21875 15.28125 Z\"><\/path><\/svg>\t\t\t<\/span>\n\t\t\t\t\t\t<span class=\"elementor-button-text\">Cont\u00e1ctanos<\/span>\n\t\t<\/span>\n\t\t\t\t\t<\/a>\n\t\t<\/div>\n\t\t\t\t<\/div>\n\t\t\t\t<\/div>\n\t\t\t\t\t<\/div>\n\t\t<\/div>\n\t\t\t\t\t\t\t<\/div>\n\t\t<\/section>\n\t\t\t\t<section class=\"elementor-section elementor-inner-section elementor-element elementor-element-ced64a5 elementor-section-content-middle elementor-section-boxed elementor-section-height-default elementor-section-height-default\" data-id=\"ced64a5\" data-element_type=\"section\">\n\t\t\t\t\t\t<div class=\"elementor-container elementor-column-gap-no\">\n\t\t\t\t\t<div class=\"elementor-column elementor-col-50 elementor-inner-column elementor-element elementor-element-86414ff\" data-id=\"86414ff\" data-element_type=\"column\">\n\t\t\t<div class=\"elementor-widget-wrap elementor-element-populated\">\n\t\t\t\t\t\t\t\t<div class=\"elementor-element elementor-element-b4193b8 elementor-widget elementor-widget-heading\" data-id=\"b4193b8\" data-element_type=\"widget\" data-widget_type=\"heading.default\">\n\t\t\t\t<div class=\"elementor-widget-container\">\n\t\t\t<h2 class=\"elementor-heading-title elementor-size-default\">Cursos a distancia disponibles<\/h2>\t\t<\/div>\n\t\t\t\t<\/div>\n\t\t\t\t<div class=\"elementor-element elementor-element-1fafb04 elementor-widget-divider--view-line elementor-widget elementor-widget-divider\" data-id=\"1fafb04\" data-element_type=\"widget\" data-widget_type=\"divider.default\">\n\t\t\t\t<div class=\"elementor-widget-container\">\n\t\t\t\t\t<div class=\"elementor-divider\">\n\t\t\t<span class=\"elementor-divider-separator\">\n\t\t\t\t\t\t<\/span>\n\t\t<\/div>\n\t\t\t\t<\/div>\n\t\t\t\t<\/div>\n\t\t\t\t<div class=\"elementor-element elementor-element-2c9e320 elementor-widget elementor-widget-text-editor\" data-id=\"2c9e320\" data-element_type=\"widget\" data-widget_type=\"text-editor.default\">\n\t\t\t\t<div class=\"elementor-widget-container\">\n\t\t\t\t\t<div class=\"elementor-text-editor elementor-clearfix\">\n<table id=\"tablepress-2\" class=\"tablepress tablepress-id-2\">\n<thead>\n<tr class=\"row-1\">\n\t<th class=\"column-1\">C\u00d3DIGO CURSO<\/th><th class=\"column-2\">NOMBRE CURSO<\/th><th class=\"column-3\">N\u00b0 HORAS<\/th>\n<\/tr>\n<\/thead>\n<tbody>\n<tr class=\"row-2\">\n\t<td class=\"column-1\">1238042629<\/td><td class=\"column-2\">Gesti\u00f3n De La Inclusi\u00f3n Y Diversidad Laboral<\/td><td class=\"column-3\">100<\/td>\n<\/tr>\n<tr class=\"row-3\">\n\t<td class=\"column-1\">1238030968<\/td><td class=\"column-2\">Modelos De Cultura Preventiva De Seguridad<\/td><td class=\"column-3\">80<\/td>\n<\/tr>\n<tr class=\"row-4\">\n\t<td class=\"column-1\">1238030967<\/td><td class=\"column-2\">T\u00e9cnicas De Servicio Al Cliente<\/td><td class=\"column-3\">80<\/td>\n<\/tr>\n<tr class=\"row-5\">\n\t<td class=\"column-1\">1238030966<\/td><td class=\"column-2\">T\u00e9cnicas De Trabajo En Equipo Y Liderazgo<\/td><td class=\"column-3\">100<\/td>\n<\/tr>\n<tr class=\"row-6\">\n\t<td class=\"column-1\">1238030965<\/td><td class=\"column-2\">T\u00e9cnicas De Comunicaci\u00f3n Efectiva Y Resoluci\u00f3n De Conflictos<\/td><td class=\"column-3\">140<\/td>\n<\/tr>\n<tr class=\"row-7\">\n\t<td class=\"column-1\">1238020968<\/td><td class=\"column-2\">Herramientas De Gesti\u00f3n En Responsabilidad Social Empresarial Y Sostenibilidad Corporativa<\/td><td class=\"column-3\">50<\/td>\n<\/tr>\n<tr class=\"row-8\">\n\t<td class=\"column-1\">1238020854<\/td><td class=\"column-2\">Herramientas De Gesti\u00f3n En Responsabilidad Social Empresarial Y Sostenibilidad Corporativa<\/td><td class=\"column-3\">100<\/td>\n<\/tr>\n<tr class=\"row-9\">\n\t<td class=\"column-1\">1238020851<\/td><td class=\"column-2\">T\u00e9cnicas De Retroalimentaci\u00f3n Efectiva En Los Equipos De Trabajo<\/td><td class=\"column-3\">100<\/td>\n<\/tr>\n<tr class=\"row-10\">\n\t<td class=\"column-1\">1238020775<\/td><td class=\"column-2\">Ambiente Laboral Y Motivaci\u00f3n En El Trabajo<\/td><td class=\"column-3\">100<\/td>\n<\/tr>\n<tr class=\"row-11\">\n\t<td class=\"column-1\">1238020774<\/td><td class=\"column-2\">T\u00e9cnicas De Abordaje De La Experiencia Del Cliente<\/td><td class=\"column-3\">100<\/td>\n<\/tr>\n<tr class=\"row-12\">\n\t<td class=\"column-1\">1238020773<\/td><td class=\"column-2\">Estrategias De Fidelizaci\u00f3n Y T\u00e9cnicas De Venta<\/td><td class=\"column-3\">100<\/td>\n<\/tr>\n<tr class=\"row-13\">\n\t<td class=\"column-1\">1238020772<\/td><td class=\"column-2\">Estrategias De Transformaci\u00f3n Digital<\/td><td class=\"column-3\">100<\/td>\n<\/tr>\n<tr class=\"row-14\">\n\t<td class=\"column-1\">1238020673<\/td><td class=\"column-2\">Metodolog\u00eda \u00c1gil: Scrum + Kanban<\/td><td class=\"column-3\">100<\/td>\n<\/tr>\n<tr class=\"row-15\">\n\t<td class=\"column-1\">1238020672<\/td><td class=\"column-2\">T\u00e9cnicas De Liderazgo<\/td><td class=\"column-3\">100<\/td>\n<\/tr>\n<tr class=\"row-16\">\n\t<td class=\"column-1\">1238020671<\/td><td class=\"column-2\">Herramientas Para Jefaturas Efectivas<\/td><td class=\"column-3\">100<\/td>\n<\/tr>\n<tr class=\"row-17\">\n\t<td class=\"column-1\">1238020670<\/td><td class=\"column-2\">Herramientas De Autogesti\u00f3n Y Trabajo Con Sentido<\/td><td class=\"column-3\">100<\/td>\n<\/tr>\n<tr class=\"row-18\">\n\t<td class=\"column-1\">1238020669<\/td><td class=\"column-2\">Herramientas De Liderazgo Y Coaching<\/td><td class=\"column-3\">100<\/td>\n<\/tr>\n<tr class=\"row-19\">\n\t<td class=\"column-1\">1238020668<\/td><td class=\"column-2\">Herramientas De Formaci\u00f3n Para Formadores<\/td><td class=\"column-3\">100<\/td>\n<\/tr>\n<tr class=\"row-20\">\n\t<td class=\"column-1\">1238020666<\/td><td class=\"column-2\">T\u00e9cnicas De Atenci\u00f3n Al P\u00fablico<\/td><td class=\"column-3\">100<\/td>\n<\/tr>\n<tr class=\"row-21\">\n\t<td class=\"column-1\">1238001552<\/td><td class=\"column-2\">Manejo De Planillas De C\u00e1lculo Microsoft Office Excel Nivel Intermedio<\/td><td class=\"column-3\">150<\/td>\n<\/tr>\n<tr class=\"row-22\">\n\t<td class=\"column-1\">1237997088<\/td><td class=\"column-2\">Utilizaci\u00f3n De Est\u00e1ndares De Probidad Y \u00c9tica Laboral<\/td><td class=\"column-3\">87<\/td>\n<\/tr>\n<tr class=\"row-23\">\n\t<td class=\"column-1\">1237997011<\/td><td class=\"column-2\">T\u00e9cnicas De Calidad De Servicio Al Cliente<\/td><td class=\"column-3\">75<\/td>\n<\/tr>\n<\/tbody>\n<\/table>\n<!-- #tablepress-2 from cache --><\/div>\n\t\t\t\t<\/div>\n\t\t\t\t<\/div>\n\t\t\t\t<div class=\"elementor-element elementor-element-2247f0a elementor-mobile-align-left elementor-widget elementor-widget-button\" data-id=\"2247f0a\" data-element_type=\"widget\" data-widget_type=\"button.default\">\n\t\t\t\t<div class=\"elementor-widget-container\">\n\t\t\t\t\t<div class=\"elementor-button-wrapper\">\n\t\t\t<a href=\"https:\/\/desarrollaonline.com\/acn\/contacto\/\" class=\"elementor-button-link elementor-button elementor-size-sm\" role=\"button\">\n\t\t\t\t\t\t<span class=\"elementor-button-content-wrapper\">\n\t\t\t\t\t\t<span class=\"elementor-button-icon elementor-align-icon-right\">\n\t\t\t\t<svg xmlns=\"http:\/\/www.w3.org\/2000\/svg\" viewBox=\"0 0 32 32\"><path d=\"M 18.71875 6.78125 L 17.28125 8.21875 L 24.0625 15 L 4 15 L 4 17 L 24.0625 17 L 17.28125 23.78125 L 18.71875 25.21875 L 27.21875 16.71875 L 27.90625 16 L 27.21875 15.28125 Z\"><\/path><\/svg>\t\t\t<\/span>\n\t\t\t\t\t\t<span class=\"elementor-button-text\">Cont\u00e1ctanos<\/span>\n\t\t<\/span>\n\t\t\t\t\t<\/a>\n\t\t<\/div>\n\t\t\t\t<\/div>\n\t\t\t\t<\/div>\n\t\t\t\t\t<\/div>\n\t\t<\/div>\n\t\t\t\t<div class=\"elementor-column elementor-col-50 elementor-inner-column elementor-element elementor-element-7ee9d06\" data-id=\"7ee9d06\" data-element_type=\"column\">\n\t\t\t<div class=\"elementor-widget-wrap elementor-element-populated\">\n\t\t\t\t\t\t\t\t<div class=\"elementor-element elementor-element-3b11e8c elementor-widget elementor-widget-image\" data-id=\"3b11e8c\" data-element_type=\"widget\" data-widget_type=\"image.default\">\n\t\t\t\t<div class=\"elementor-widget-container\">\n\t\t\t\t\t<div class=\"elementor-image\">\n\t\t\t\t\t\t\t\t\t\t<img width=\"800\" height=\"900\" src=\"http:\/\/acnconsulting.cl\/acn_wp\/wp-content\/uploads\/2021\/05\/acn-servicio-2.jpg\" class=\"attachment-full size-full\" alt=\"\" decoding=\"async\" loading=\"lazy\" srcset=\"http:\/\/acnconsulting.cl\/acn_wp\/wp-content\/uploads\/2021\/05\/acn-servicio-2.jpg 800w, http:\/\/acnconsulting.cl\/acn_wp\/wp-content\/uploads\/2021\/05\/acn-servicio-2-267x300.jpg 267w, http:\/\/acnconsulting.cl\/acn_wp\/wp-content\/uploads\/2021\/05\/acn-servicio-2-768x864.jpg 768w\" sizes=\"(max-width: 800px) 100vw, 800px\" \/>\t\t\t\t\t\t\t\t\t\t\t<\/div>\n\t\t\t\t<\/div>\n\t\t\t\t<\/div>\n\t\t\t\t\t<\/div>\n\t\t<\/div>\n\t\t\t\t\t\t\t<\/div>\n\t\t<\/section>\n\t\t\t\t<section class=\"elementor-section elementor-inner-section elementor-element elementor-element-8d30c03 elementor-section-content-middle elementor-section-boxed elementor-section-height-default elementor-section-height-default\" data-id=\"8d30c03\" data-element_type=\"section\">\n\t\t\t\t\t\t<div class=\"elementor-container elementor-column-gap-no\">\n\t\t\t\t\t<div class=\"elementor-column elementor-col-50 elementor-inner-column elementor-element elementor-element-5f08249\" data-id=\"5f08249\" data-element_type=\"column\">\n\t\t\t<div class=\"elementor-widget-wrap elementor-element-populated\">\n\t\t\t\t\t\t\t\t<div class=\"elementor-element elementor-element-31576fc elementor-widget elementor-widget-image\" data-id=\"31576fc\" data-element_type=\"widget\" data-widget_type=\"image.default\">\n\t\t\t\t<div class=\"elementor-widget-container\">\n\t\t\t\t\t<div class=\"elementor-image\">\n\t\t\t\t\t\t\t\t\t\t<img width=\"800\" height=\"900\" src=\"http:\/\/acnconsulting.cl\/acn_wp\/wp-content\/uploads\/2021\/05\/acn-servicio-3.jpg\" class=\"attachment-full size-full\" alt=\"\" decoding=\"async\" loading=\"lazy\" srcset=\"http:\/\/acnconsulting.cl\/acn_wp\/wp-content\/uploads\/2021\/05\/acn-servicio-3.jpg 800w, http:\/\/acnconsulting.cl\/acn_wp\/wp-content\/uploads\/2021\/05\/acn-servicio-3-267x300.jpg 267w, http:\/\/acnconsulting.cl\/acn_wp\/wp-content\/uploads\/2021\/05\/acn-servicio-3-768x864.jpg 768w\" sizes=\"(max-width: 800px) 100vw, 800px\" \/>\t\t\t\t\t\t\t\t\t\t\t<\/div>\n\t\t\t\t<\/div>\n\t\t\t\t<\/div>\n\t\t\t\t\t<\/div>\n\t\t<\/div>\n\t\t\t\t<div class=\"elementor-column elementor-col-50 elementor-inner-column elementor-element elementor-element-25ed50b\" data-id=\"25ed50b\" data-element_type=\"column\">\n\t\t\t<div class=\"elementor-widget-wrap elementor-element-populated\">\n\t\t\t\t\t\t\t\t<div class=\"elementor-element elementor-element-6ff3718 elementor-widget elementor-widget-heading\" data-id=\"6ff3718\" data-element_type=\"widget\" data-widget_type=\"heading.default\">\n\t\t\t\t<div class=\"elementor-widget-container\">\n\t\t\t<h2 class=\"elementor-heading-title elementor-size-default\">Cursos e-learning disponibles<\/h2>\t\t<\/div>\n\t\t\t\t<\/div>\n\t\t\t\t<div class=\"elementor-element elementor-element-917c911 elementor-widget-divider--view-line elementor-widget elementor-widget-divider\" data-id=\"917c911\" data-element_type=\"widget\" data-widget_type=\"divider.default\">\n\t\t\t\t<div class=\"elementor-widget-container\">\n\t\t\t\t\t<div class=\"elementor-divider\">\n\t\t\t<span class=\"elementor-divider-separator\">\n\t\t\t\t\t\t<\/span>\n\t\t<\/div>\n\t\t\t\t<\/div>\n\t\t\t\t<\/div>\n\t\t\t\t<div class=\"elementor-element elementor-element-6b39cbe elementor-widget elementor-widget-text-editor\" data-id=\"6b39cbe\" data-element_type=\"widget\" data-widget_type=\"text-editor.default\">\n\t\t\t\t<div class=\"elementor-widget-container\">\n\t\t\t\t\t<div class=\"elementor-text-editor elementor-clearfix\">\n<table id=\"tablepress-3\" class=\"tablepress tablepress-id-3\">\n<thead>\n<tr class=\"row-1\">\n\t<th class=\"column-1\">C\u00d3DIGO CURSO<\/th><th class=\"column-2\">NOMBRE CURSO<\/th><th class=\"column-3\">N\u00b0 HORAS<\/th>\n<\/tr>\n<\/thead>\n<tbody>\n<tr class=\"row-2\">\n\t<td class=\"column-1\">1238043022<\/td><td class=\"column-2\">Ingl\u00e9s Comunicacional Nivel B\u00e1sico<\/td><td class=\"column-3\">60<\/td>\n<\/tr>\n<tr class=\"row-3\">\n\t<td class=\"column-1\">1238043021<\/td><td class=\"column-2\">Ingl\u00e9s Comunicacional Nivel Avanzado<\/td><td class=\"column-3\">100<\/td>\n<\/tr>\n<tr class=\"row-4\">\n\t<td class=\"column-1\">1238042988<\/td><td class=\"column-2\">Ingl\u00e9s Comunicacional Nivel Intermedio<\/td><td class=\"column-3\">70<\/td>\n<\/tr>\n<tr class=\"row-5\">\n\t<td class=\"column-1\">1238040000<\/td><td class=\"column-2\">T\u00e9cnicas De Atenci\u00f3n De Clientes<\/td><td class=\"column-3\">100<\/td>\n<\/tr>\n<tr class=\"row-6\">\n\t<td class=\"column-1\">1238039937<\/td><td class=\"column-2\">T\u00e9cnicas De Redacci\u00f3n Corporativa<\/td><td class=\"column-3\">60<\/td>\n<\/tr>\n<\/tbody>\n<\/table>\n<!-- #tablepress-3 from cache --><\/div>\n\t\t\t\t<\/div>\n\t\t\t\t<\/div>\n\t\t\t\t<div class=\"elementor-element elementor-element-7464202 elementor-mobile-align-left elementor-widget elementor-widget-button\" data-id=\"7464202\" data-element_type=\"widget\" data-widget_type=\"button.default\">\n\t\t\t\t<div class=\"elementor-widget-container\">\n\t\t\t\t\t<div class=\"elementor-button-wrapper\">\n\t\t\t<a href=\"https:\/\/desarrollaonline.com\/acn\/contacto\/\" class=\"elementor-button-link elementor-button elementor-size-sm\" role=\"button\">\n\t\t\t\t\t\t<span class=\"elementor-button-content-wrapper\">\n\t\t\t\t\t\t<span class=\"elementor-button-icon elementor-align-icon-right\">\n\t\t\t\t<svg xmlns=\"http:\/\/www.w3.org\/2000\/svg\" viewBox=\"0 0 32 32\"><path d=\"M 18.71875 6.78125 L 17.28125 8.21875 L 24.0625 15 L 4 15 L 4 17 L 24.0625 17 L 17.28125 23.78125 L 18.71875 25.21875 L 27.21875 16.71875 L 27.90625 16 L 27.21875 15.28125 Z\"><\/path><\/svg>\t\t\t<\/span>\n\t\t\t\t\t\t<span class=\"elementor-button-text\">Cont\u00e1ctanos<\/span>\n\t\t<\/span>\n\t\t\t\t\t<\/a>\n\t\t<\/div>\n\t\t\t\t<\/div>\n\t\t\t\t<\/div>\n\t\t\t\t\t<\/div>\n\t\t<\/div>\n\t\t\t\t\t\t\t<\/div>\n\t\t<\/section>\n\t\t\t\t\t<\/div>\n\t\t<\/div>\n\t\t\t\t\t\t\t<\/div>\n\t\t<\/section>\n\t\t\t\t\t\t<\/div>\n\t\t\t\t\t<\/div>\n\t\t","protected":false},"excerpt":{"rendered":"<p>Capacitaci\u00f3n Enfocados en desarrollar y certificar pr\u00e1cticas que tengan un impacto directo en los resultados del negocio; para ello se aplican diversas metodolog\u00edas que conducen al aprendizaje experiencial. Conoce nuestra oferta de cursos Sence Cursos presenciales disponibles Cont\u00e1ctanos Cursos a distancia disponibles Cont\u00e1ctanos Cursos e-learning disponibles Cont\u00e1ctanos<\/p>\n","protected":false},"author":1,"featured_media":0,"parent":72,"menu_order":0,"comment_status":"closed","ping_status":"closed","template":"","meta":[],"_links":{"self":[{"href":"http:\/\/acnconsulting.cl\/acn_wp\/wp-json\/wp\/v2\/pages\/2266"}],"collection":[{"href":"http:\/\/acnconsulting.cl\/acn_wp\/wp-json\/wp\/v2\/pages"}],"about":[{"href":"http:\/\/acnconsulting.cl\/acn_wp\/wp-json\/wp\/v2\/types\/page"}],"author":[{"embeddable":true,"href":"http:\/\/acnconsulting.cl\/acn_wp\/wp-json\/wp\/v2\/users\/1"}],"replies":[{"embeddable":true,"href":"http:\/\/acnconsulting.cl\/acn_wp\/wp-json\/wp\/v2\/comments?post=2266"}],"version-history":[{"count":52,"href":"http:\/\/acnconsulting.cl\/acn_wp\/wp-json\/wp\/v2\/pages\/2266\/revisions"}],"predecessor-version":[{"id":2507,"href":"http:\/\/acnconsulting.cl\/acn_wp\/wp-json\/wp\/v2\/pages\/2266\/revisions\/2507"}],"up":[{"embeddable":true,"href":"http:\/\/acnconsulting.cl\/acn_wp\/wp-json\/wp\/v2\/pages\/72"}],"wp:attachment":[{"href":"http:\/\/acnconsulting.cl\/acn_wp\/wp-json\/wp\/v2\/media?parent=2266"}],"curies":[{"name":"wp","href":"https:\/\/api.w.org\/{rel}","templated":true}]}}